{"id":84,"date":"2015-10-30T12:45:52","date_gmt":"2015-10-30T12:45:52","guid":{"rendered":"http:\/\/test.kriesi.at\/lifestyle-blog\/?page_id=84"},"modified":"2025-12-16T10:56:23","modified_gmt":"2025-12-16T13:56:23","slug":"home","status":"publish","type":"page","link":"https:\/\/nour.es\/","title":{"rendered":"Home"},"content":{"rendered":"\t\t<div data-elementor-type=\"wp-page\" data-elementor-id=\"84\" class=\"elementor elementor-84\">\n\t\t\t\t<div class=\"elementor-element elementor-element-86e52c4 e-grid e-con-boxed e-con e-parent\" data-id=\"86e52c4\" data-element_type=\"container\">\n\t\t\t\t\t<div class=\"e-con-inner\">\n\t\t\t\t<div class=\"elementor-element elementor-element-f31fc3b elementor-widget elementor-widget-image\" data-id=\"f31fc3b\" data-element_type=\"widget\" data-widget_type=\"image.default\">\n\t\t\t\t\t\t\t\t\t\t\t\t\t\t\t<img fetchpriority=\"high\" decoding=\"async\" width=\"768\" height=\"461\" src=\"https:\/\/nour.es\/wp-content\/uploads\/2024\/12\/base_logo_transparent_background-768x461.png\" class=\"attachment-medium_large size-medium_large wp-image-180\" alt=\"\" srcset=\"https:\/\/nour.es\/wp-content\/uploads\/2024\/12\/base_logo_transparent_background-768x461.png 768w, https:\/\/nour.es\/wp-content\/uploads\/2024\/12\/base_logo_transparent_background-300x180.png 300w, https:\/\/nour.es\/wp-content\/uploads\/2024\/12\/base_logo_transparent_background-1030x618.png 1030w, https:\/\/nour.es\/wp-content\/uploads\/2024\/12\/base_logo_transparent_background-1536x922.png 1536w, https:\/\/nour.es\/wp-content\/uploads\/2024\/12\/base_logo_transparent_background-2048x1229.png 2048w, https:\/\/nour.es\/wp-content\/uploads\/2024\/12\/base_logo_transparent_background-1500x900.png 1500w, https:\/\/nour.es\/wp-content\/uploads\/2024\/12\/base_logo_transparent_background-705x423.png 705w, https:\/\/nour.es\/wp-content\/uploads\/2024\/12\/base_logo_transparent_background-450x270.png 450w\" sizes=\"(max-width: 768px) 100vw, 768px\" \/>\t\t\t\t\t\t\t\t\t\t\t\t\t\t\t<\/div>\n\t\t\t\t<div class=\"elementor-element elementor-element-319e4f1 elementor-widget elementor-widget-text-editor\" data-id=\"319e4f1\" data-element_type=\"widget\" data-widget_type=\"text-editor.default\">\n\t\t\t\t\t\t\t\t\t<p>A\u00a0<strong>Noures Unlimited Solu\u00e7\u00f5es de Inova\u00e7\u00e3o e Tecnologia Ltda.<\/strong>\u00a0nasceu em 2024 como uma personalidade jur\u00eddica, mas sua ess\u00eancia e expertise acumulam mais de 15 anos de experi\u00eancia no mercado, fruto da trajet\u00f3ria vision\u00e1ria de seu fundador. Com essa s\u00f3lida bagagem, a Noures Unlimited se dedica a oferecer solu\u00e7\u00f5es tecnol\u00f3gicas personalizadas, que n\u00e3o apenas atendem, mas superam as expectativas de seus clientes.<\/p><p>O nome\u00a0<strong>Noures<\/strong>\u00a0\u00e9 inspirado na obra de\u00a0<strong>Pietro Ubaldi<\/strong>,\u00a0<em>&#8220;As No\u00fares&#8221;<\/em>. Assim como Ubaldi apresenta as &#8220;No\u00fares&#8221; como uma jornada de descoberta que transcende o material e abra\u00e7a o espiritual, a Noures Unlimited busca ir al\u00e9m do tang\u00edvel, explorando novos horizontes na tecnologia e na inova\u00e7\u00e3o. Essa filosofia norteia nossas a\u00e7\u00f5es, integrando a busca pelo conhecimento, pela verdade e pela compreens\u00e3o ao desenvolvimento de solu\u00e7\u00f5es que conectam o f\u00edsico e o digital.\u00a0<\/p><p><strong>Noures Unlimited<\/strong> simboliza um compromisso com a evolu\u00e7\u00e3o cont\u00ednua, alinhada a diferentes perspectivas filos\u00f3ficas \u2014 do Stoicismo ao Existencialismo, do Confucionismo \u00e0 filosofia moderna. Assim como &#8220;As No\u00fares&#8221; de Ubaldi, nossa empresa n\u00e3o apenas entrega solu\u00e7\u00f5es, mas tamb\u00e9m cria possibilidades e molda o futuro, oferecendo aos clientes um parceiro estrat\u00e9gico na constru\u00e7\u00e3o de um amanh\u00e3 melhor.<\/p><p>Para informa\u00e7\u00f5es: web@nour.es<\/p>\t\t\t\t\t\t\t\t<\/div>\n\t\t\t\t\t<\/div>\n\t\t\t\t<\/div>\n\t\t<div class=\"elementor-element elementor-element-61967d4 e-grid e-con-boxed e-con e-parent\" data-id=\"61967d4\" data-element_type=\"container\">\n\t\t\t\t\t<div class=\"e-con-inner\">\n\t\t\t\t\t<\/div>\n\t\t\t\t<\/div>\n\t\t\t\t<\/div>\n\t\t","protected":false},"excerpt":{"rendered":"<p>A\u00a0Noures Unlimited Solu\u00e7\u00f5es de Inova\u00e7\u00e3o e Tecnologia Ltda.\u00a0nasceu em 2024 como uma personalidade jur\u00eddica, mas sua ess\u00eancia e expertise acumulam mais de 15 anos de experi\u00eancia no mercado, fruto da trajet\u00f3ria vision\u00e1ria de seu fundador. Com essa s\u00f3lida bagagem, a Noures Unlimited se dedica a oferecer solu\u00e7\u00f5es tecnol\u00f3gicas personalizadas, que n\u00e3o apenas atendem, mas superam [&hellip;]<\/p>\n","protected":false},"author":1,"featured_media":0,"parent":0,"menu_order":0,"comment_status":"closed","ping_status":"closed","template":"","meta":{"footnotes":""},"class_list":["post-84","page","type-page","status-publish","hentry"],"_links":{"self":[{"href":"https:\/\/nour.es\/index.php?rest_route=\/wp\/v2\/pages\/84","targetHints":{"allow":["GET"]}}],"collection":[{"href":"https:\/\/nour.es\/index.php?rest_route=\/wp\/v2\/pages"}],"about":[{"href":"https:\/\/nour.es\/index.php?rest_route=\/wp\/v2\/types\/page"}],"author":[{"embeddable":true,"href":"https:\/\/nour.es\/index.php?rest_route=\/wp\/v2\/users\/1"}],"replies":[{"embeddable":true,"href":"https:\/\/nour.es\/index.php?rest_route=%2Fwp%2Fv2%2Fcomments&post=84"}],"version-history":[{"count":43,"href":"https:\/\/nour.es\/index.php?rest_route=\/wp\/v2\/pages\/84\/revisions"}],"predecessor-version":[{"id":225,"href":"https:\/\/nour.es\/index.php?rest_route=\/wp\/v2\/pages\/84\/revisions\/225"}],"wp:attachment":[{"href":"https:\/\/nour.es\/index.php?rest_route=%2Fwp%2Fv2%2Fmedia&parent=84"}],"curies":[{"name":"wp","href":"https:\/\/api.w.org\/{rel}","templated":true}]}}